{"id":271,"date":"2024-03-20T12:56:40","date_gmt":"2024-03-20T12:56:40","guid":{"rendered":"https:\/\/raumzumankommen.de\/wordpress\/?page_id=271"},"modified":"2025-10-10T08:09:53","modified_gmt":"2025-10-10T08:09:53","slug":"mein-angebot","status":"publish","type":"page","link":"https:\/\/raumzumankommen.de\/wordpress\/mein-angebot\/","title":{"rendered":"Mein Angebot"},"content":{"rendered":"\t\t<div data-elementor-type=\"wp-page\" data-elementor-id=\"271\" class=\"elementor elementor-271\" data-elementor-post-type=\"page\">\n\t\t\t\t\t\t<section class=\"elementor-section elementor-top-section elementor-element elementor-element-4476d8ae elementor-section-boxed elementor-section-height-default elementor-section-height-default\" data-id=\"4476d8ae\" data-element_type=\"section\" data-settings=\"{&quot;background_background&quot;:&quot;classic&quot;,&quot;shape_divider_bottom_negative&quot;:&quot;yes&quot;,&quot;shape_divider_bottom&quot;:&quot;curve&quot;}\">\n\t\t\t\t\t<div class=\"elementor-shape elementor-shape-bottom\" data-negative=\"true\">\n\t\t\t<svg xmlns=\"http:\/\/www.w3.org\/2000\/svg\" viewBox=\"0 0 1000 100\" preserveAspectRatio=\"none\">\n\t<path class=\"elementor-shape-fill\" d=\"M500,97C126.7,96.3,0.8,19.8,0,0v100l1000,0V1C1000,19.4,873.3,97.8,500,97z\"\/>\n<\/svg>\t\t<\/div>\n\t\t\t\t\t<div class=\"elementor-container elementor-column-gap-default\">\n\t\t\t\t\t<div class=\"elementor-column elementor-col-100 elementor-top-column elementor-element elementor-element-3c60e920\" data-id=\"3c60e920\" data-element_type=\"column\">\n\t\t\t<div class=\"elementor-widget-wrap elementor-element-populated\">\n\t\t\t\t\t\t<div class=\"elementor-element elementor-element-3b0434bb elementor-widget elementor-widget-heading\" data-id=\"3b0434bb\" data-element_type=\"widget\" data-widget_type=\"heading.default\">\n\t\t\t\t<div class=\"elementor-widget-container\">\n\t\t\t<style>\/*! elementor - v3.20.0 - 13-03-2024 *\/\n.elementor-heading-title{padding:0;margin:0;line-height:1}.elementor-widget-heading .elementor-heading-title[class*=elementor-size-]>a{color:inherit;font-size:inherit;line-height:inherit}.elementor-widget-heading .elementor-heading-title.elementor-size-small{font-size:15px}.elementor-widget-heading .elementor-heading-title.elementor-size-medium{font-size:19px}.elementor-widget-heading .elementor-heading-title.elementor-size-large{font-size:29px}.elementor-widget-heading .elementor-heading-title.elementor-size-xl{font-size:39px}.elementor-widget-heading .elementor-heading-title.elementor-size-xxl{font-size:59px}<\/style><h2 class=\"elementor-heading-title elementor-size-default\">Angebot<\/h2>\t\t<\/div>\n\t\t\t\t<\/div>\n\t\t\t\t<div class=\"elementor-element elementor-element-6d9d0267 elementor-widget elementor-widget-heading\" data-id=\"6d9d0267\" data-element_type=\"widget\" data-widget_type=\"heading.default\">\n\t\t\t\t<div class=\"elementor-widget-container\">\n\t\t\t<h2 class=\"elementor-heading-title elementor-size-default\">Mein Angebot<\/h2>\t\t<\/div>\n\t\t\t\t<\/div>\n\t\t<div class=\"elementor-element elementor-element-ca16307 e-flex e-con-boxed e-con e-parent\" data-id=\"ca16307\" data-element_type=\"container\" data-core-v316-plus=\"true\">\n\t\t\t\t\t<div class=\"e-con-inner\">\n\t\t\t\t<div class=\"elementor-element elementor-element-5476b41 elementor-widget elementor-widget-text-editor\" data-id=\"5476b41\" data-element_type=\"widget\" data-widget_type=\"text-editor.default\">\n\t\t\t\t<div class=\"elementor-widget-container\">\n\t\t\t<style>\/*! elementor - v3.20.0 - 13-03-2024 *\/\n.elementor-widget-text-editor.elementor-drop-cap-view-stacked .elementor-drop-cap{background-color:#69727d;color:#fff}.elementor-widget-text-editor.elementor-drop-cap-view-framed .elementor-drop-cap{color:#69727d;border:3px solid;background-color:transparent}.elementor-widget-text-editor:not(.elementor-drop-cap-view-default) .elementor-drop-cap{margin-top:8px}.elementor-widget-text-editor:not(.elementor-drop-cap-view-default) .elementor-drop-cap-letter{width:1em;height:1em}.elementor-widget-text-editor .elementor-drop-cap{float:left;text-align:center;line-height:1;font-size:50px}.elementor-widget-text-editor .elementor-drop-cap-letter{display:inline-block}<\/style>\t\t\t\t<p style=\"font-size: 16px;\"><span style=\"font-weight: bold;\">Willst du?<\/span><\/p><ul style=\"font-size: 16px; background-color: #fef4ea;\"><li style=\"font-size: 16px;\">Dich selbst besser kennenlernen?<\/li><li style=\"font-size: 16px;\">Mehr mit deinem Wesen in Kontakt sein?<\/li><li style=\"font-size: 16px;\">Mit mehr Selbstakzeptanz und Selbstliebe im Leben stehen?<\/li><li style=\"font-size: 16px;\">Mehr Zugang zu deinen Gef\u00fchlen bekommen?<\/li><li style=\"font-size: 16px;\">Oder weniger von deinen Gef\u00fchlen geflutet werden?<\/li><li style=\"font-size: 16px;\">Wieder vertrauen lernen?<\/li><li style=\"font-size: 16px;\">Stabile Freundschaften aufbauen?<\/li><li style=\"font-size: 16px;\">Mehr Dankbarkeit f\u00fcr dein Sein empfinden?<\/li><li style=\"font-size: 16px;\">In deinem Leben Ver\u00e4nderungen vornehmen?<\/li><li style=\"font-size: 16px;\">Oder einfach Unterst\u00fctzung und Halt in schwierigen Lebenssiutationen bekommen?<\/li><li>Willst du Unerkl\u00e4rliches in deinem Leben erkunden und das Leben deiner Ahnen mit einbeziehen?<\/li><li>&#8230;<\/li><\/ul>\t\t\t\t\t\t<\/div>\n\t\t\t\t<\/div>\n\t\t\t\t<div class=\"elementor-element elementor-element-fb2139d elementor-widget elementor-widget-image\" data-id=\"fb2139d\" data-element_type=\"widget\" data-widget_type=\"image.default\">\n\t\t\t\t<div class=\"elementor-widget-container\">\n\t\t\t<style>\/*! elementor - v3.20.0 - 13-03-2024 *\/\n.elementor-widget-image{text-align:center}.elementor-widget-image a{display:inline-block}.elementor-widget-image a img[src$=\".svg\"]{width:48px}.elementor-widget-image img{vertical-align:middle;display:inline-block}<\/style>\t\t\t\t\t\t\t\t\t\t<img fetchpriority=\"high\" decoding=\"async\" width=\"564\" height=\"683\" src=\"https:\/\/raumzumankommen.de\/wordpress\/wp-content\/uploads\/2024\/03\/20240322_133603.jpg\" class=\"attachment-large size-large wp-image-423\" alt=\"\" srcset=\"https:\/\/raumzumankommen.de\/wordpress\/wp-content\/uploads\/2024\/03\/20240322_133603.jpg 564w, https:\/\/raumzumankommen.de\/wordpress\/wp-content\/uploads\/2024\/03\/20240322_133603-248x300.jpg 248w\" sizes=\"(max-width: 564px) 100vw, 564px\" \/>\t\t\t\t\t\t\t\t\t\t\t\t\t<\/div>\n\t\t\t\t<\/div>\n\t\t\t\t\t<\/div>\n\t\t\t\t<\/div>\n\t\t\t\t\t<\/div>\n\t\t<\/div>\n\t\t\t\t\t<\/div>\n\t\t<\/section>\n\t\t\t\t<section class=\"elementor-section elementor-top-section elementor-element elementor-element-264f4fa3 elementor-section-boxed elementor-section-height-default elementor-section-height-default\" data-id=\"264f4fa3\" data-element_type=\"section\" data-settings=\"{&quot;background_background&quot;:&quot;classic&quot;,&quot;shape_divider_bottom&quot;:&quot;curve&quot;,&quot;shape_divider_bottom_negative&quot;:&quot;yes&quot;,&quot;shape_divider_top&quot;:&quot;curve&quot;,&quot;shape_divider_top_negative&quot;:&quot;yes&quot;}\">\n\t\t\t\t\t<div class=\"elementor-shape elementor-shape-top\" data-negative=\"true\">\n\t\t\t<svg xmlns=\"http:\/\/www.w3.org\/2000\/svg\" viewBox=\"0 0 1000 100\" preserveAspectRatio=\"none\">\n\t<path class=\"elementor-shape-fill\" d=\"M500,97C126.7,96.3,0.8,19.8,0,0v100l1000,0V1C1000,19.4,873.3,97.8,500,97z\"\/>\n<\/svg>\t\t<\/div>\n\t\t\t\t<div class=\"elementor-shape elementor-shape-bottom\" data-negative=\"true\">\n\t\t\t<svg xmlns=\"http:\/\/www.w3.org\/2000\/svg\" viewBox=\"0 0 1000 100\" preserveAspectRatio=\"none\">\n\t<path class=\"elementor-shape-fill\" d=\"M500,97C126.7,96.3,0.8,19.8,0,0v100l1000,0V1C1000,19.4,873.3,97.8,500,97z\"\/>\n<\/svg>\t\t<\/div>\n\t\t\t\t\t<div class=\"elementor-container elementor-column-gap-default\">\n\t\t\t\t\t<div class=\"elementor-column elementor-col-100 elementor-top-column elementor-element elementor-element-40bc698\" data-id=\"40bc698\" data-element_type=\"column\">\n\t\t\t<div class=\"elementor-widget-wrap elementor-element-populated\">\n\t\t\t\t<div class=\"elementor-element elementor-element-a1a3c1c e-flex e-con-boxed e-con e-parent\" data-id=\"a1a3c1c\" data-element_type=\"container\" data-core-v316-plus=\"true\">\n\t\t\t\t\t<div class=\"e-con-inner\">\n\t\t\t\t<div class=\"elementor-element elementor-element-d86b017 elementor-widget__width-initial elementor-widget elementor-widget-text-editor\" data-id=\"d86b017\" data-element_type=\"widget\" data-widget_type=\"text-editor.default\">\n\t\t\t\t<div class=\"elementor-widget-container\">\n\t\t\t\t\t\t\t<p style=\"font-size: 16px; margin-bottom: 0.35cm;\">Gerne unterst\u00fctze ich dich in\u00a0<span style=\"font-size: 12pt;\"><span style=\"font-weight: bold;\">Einzel- und\/oder Kleingruppentherapie<\/span><\/span>:<\/p><p style=\"font-size: 16px; margin-bottom: 0.35cm;\">Meine Methoden findest du auf der\u00a0<a href=\"https:\/\/raumzumankommen.de\/wordpress\/?page_id=120\">\u201c\u00dcber mich\u201c \u2013Seite (hier)<\/a><\/p><p style=\"font-size: 16px; margin-bottom: 0.35cm;\"><span style=\"font-size: 12pt;\"><span style=\"font-weight: bold;\">Der Herzraum-Kreis<\/span><\/span>, max. 6 TeilnehmerInnen:<\/p><p style=\"font-size: 16px; margin-bottom: 0.35cm;\">achtsam, wohlwollend, unterst\u00fctzend und n\u00e4hrend. Im Kreis sitzen, innerhalten, sich mitteilen, sichtbar werden, wertfrei mit dem Herzen zuh\u00f6ren, Ausatmen. Jedes Anliegen ist willkommen, bekommt Raum und wird erkundet. In der Gruppe k\u00f6nnen wir uns gegenseitig bezeugen, unterst\u00fctzen und neue Handlungswege k\u00f6nnen erforscht werden. Du musst nicht alles alleine mit dir selbst ausmachen. Es gibt Inputs und Interventionen von mir, aber der Gruppenprozess ist vorrangig!<\/p><p style=\"font-size: 16px;\">\u00a0<\/p><p style=\"font-size: 16px; margin-bottom: 0.35cm;\">Fortlaufende Gruppe, Einstieg monatlich m\u00f6glich. Termine und Kosten auf Anfrage.<\/p>\t\t\t\t\t\t<\/div>\n\t\t\t\t<\/div>\n\t\t\t\t<div class=\"elementor-element elementor-element-277d4cc elementor-widget elementor-widget-image\" data-id=\"277d4cc\" data-element_type=\"widget\" data-widget_type=\"image.default\">\n\t\t\t\t<div class=\"elementor-widget-container\">\n\t\t\t\t\t\t\t\t\t\t\t\t\t<img decoding=\"async\" width=\"768\" height=\"512\" src=\"https:\/\/raumzumankommen.de\/wordpress\/wp-content\/uploads\/2025\/08\/IMG_1321-768x512.jpeg\" class=\"attachment-medium_large size-medium_large wp-image-787\" alt=\"\" srcset=\"https:\/\/raumzumankommen.de\/wordpress\/wp-content\/uploads\/2025\/08\/IMG_1321-768x512.jpeg 768w, https:\/\/raumzumankommen.de\/wordpress\/wp-content\/uploads\/2025\/08\/IMG_1321-300x200.jpeg 300w, https:\/\/raumzumankommen.de\/wordpress\/wp-content\/uploads\/2025\/08\/IMG_1321-1024x683.jpeg 1024w, https:\/\/raumzumankommen.de\/wordpress\/wp-content\/uploads\/2025\/08\/IMG_1321-1536x1024.jpeg 1536w, https:\/\/raumzumankommen.de\/wordpress\/wp-content\/uploads\/2025\/08\/IMG_1321-2048x1365.jpeg 2048w\" sizes=\"(max-width: 768px) 100vw, 768px\" \/>\t\t\t\t\t\t\t\t\t\t\t\t\t<\/div>\n\t\t\t\t<\/div>\n\t\t\t\t\t<\/div>\n\t\t\t\t<\/div>\n\t\t\t\t\t<\/div>\n\t\t<\/div>\n\t\t\t\t\t<\/div>\n\t\t<\/section>\n\t\t\t\t<section class=\"elementor-section elementor-top-section elementor-element elementor-element-654a4ff1 elementor-section-boxed elementor-section-height-default elementor-section-height-default\" data-id=\"654a4ff1\" data-element_type=\"section\" data-settings=\"{&quot;background_background&quot;:&quot;classic&quot;,&quot;shape_divider_top&quot;:&quot;curve&quot;,&quot;shape_divider_bottom&quot;:&quot;curve&quot;,&quot;shape_divider_bottom_negative&quot;:&quot;yes&quot;}\">\n\t\t\t\t\t\t\t<div class=\"elementor-background-overlay\"><\/div>\n\t\t\t\t\t\t<div class=\"elementor-shape elementor-shape-top\" data-negative=\"false\">\n\t\t\t<svg xmlns=\"http:\/\/www.w3.org\/2000\/svg\" viewBox=\"0 0 1000 100\" preserveAspectRatio=\"none\">\n    <path class=\"elementor-shape-fill\" d=\"M1000,4.3V0H0v4.3C0.9,23.1,126.7,99.2,500,100S1000,22.7,1000,4.3z\"\/>\n<\/svg>\t\t<\/div>\n\t\t\t\t<div class=\"elementor-shape elementor-shape-bottom\" data-negative=\"true\">\n\t\t\t<svg xmlns=\"http:\/\/www.w3.org\/2000\/svg\" viewBox=\"0 0 1000 100\" preserveAspectRatio=\"none\">\n\t<path class=\"elementor-shape-fill\" d=\"M500,97C126.7,96.3,0.8,19.8,0,0v100l1000,0V1C1000,19.4,873.3,97.8,500,97z\"\/>\n<\/svg>\t\t<\/div>\n\t\t\t\t\t<div class=\"elementor-container elementor-column-gap-default\">\n\t\t\t\t\t<div class=\"elementor-column elementor-col-100 elementor-top-column elementor-element elementor-element-4e457af\" data-id=\"4e457af\" data-element_type=\"column\">\n\t\t\t<div class=\"elementor-widget-wrap elementor-element-populated\">\n\t\t\t\t\t\t<div class=\"elementor-element elementor-element-4d13f13 elementor-widget elementor-widget-text-editor\" data-id=\"4d13f13\" data-element_type=\"widget\" data-widget_type=\"text-editor.default\">\n\t\t\t\t<div class=\"elementor-widget-container\">\n\t\t\t\t\t\t\t<p>Vereinbare gerne einen Termin f\u00fcr ein <b>kostenfreies <\/b>20-min\u00fctiges Vorgespr\u00e4ch!<\/p><p style=\"margin-bottom: 0.35cm;\"><b>Investition<\/b> f\u00fcr eine Therapiesitzung: 60 min. \u00e1 70 -100 \u20ac nach Selbsteinsch\u00e4tzung, f\u00fcr jede weiteren angefangenen 10 min. weitere 10 \u20ac<br \/>Erm\u00e4\u00dfigung nach Absprache m\u00f6glich<\/p><p><b>Termine<\/b> nur nach telefonischer Anmeldung <br \/>Termine, die weniger als 24 h vorher abgesagt werden, werden berechnet.<\/p>\t\t\t\t\t\t<\/div>\n\t\t\t\t<\/div>\n\t\t\t\t\t<\/div>\n\t\t<\/div>\n\t\t\t\t\t<\/div>\n\t\t<\/section>\n\t\t<div class=\"elementor-element elementor-element-92700f3 e-flex e-con-boxed e-con e-parent\" data-id=\"92700f3\" data-element_type=\"container\" data-core-v316-plus=\"true\">\n\t\t\t\t\t<div class=\"e-con-inner\">\n\t\t\t\t<div class=\"elementor-element elementor-element-ffeb278 elementor-widget elementor-widget-spacer\" data-id=\"ffeb278\" data-element_type=\"widget\" data-widget_type=\"spacer.default\">\n\t\t\t\t<div class=\"elementor-widget-container\">\n\t\t\t<style>\/*! elementor - v3.20.0 - 13-03-2024 *\/\n.elementor-column .elementor-spacer-inner{height:var(--spacer-size)}.e-con{--container-widget-width:100%}.e-con-inner>.elementor-widget-spacer,.e-con>.elementor-widget-spacer{width:var(--container-widget-width,var(--spacer-size));--align-self:var(--container-widget-align-self,initial);--flex-shrink:0}.e-con-inner>.elementor-widget-spacer>.elementor-widget-container,.e-con>.elementor-widget-spacer>.elementor-widget-container{height:100%;width:100%}.e-con-inner>.elementor-widget-spacer>.elementor-widget-container>.elementor-spacer,.e-con>.elementor-widget-spacer>.elementor-widget-container>.elementor-spacer{height:100%}.e-con-inner>.elementor-widget-spacer>.elementor-widget-container>.elementor-spacer>.elementor-spacer-inner,.e-con>.elementor-widget-spacer>.elementor-widget-container>.elementor-spacer>.elementor-spacer-inner{height:var(--container-widget-height,var(--spacer-size))}.e-con-inner>.elementor-widget-spacer.elementor-widget-empty,.e-con>.elementor-widget-spacer.elementor-widget-empty{position:relative;min-height:22px;min-width:22px}.e-con-inner>.elementor-widget-spacer.elementor-widget-empty .elementor-widget-empty-icon,.e-con>.elementor-widget-spacer.elementor-widget-empty .elementor-widget-empty-icon{position:absolute;top:0;bottom:0;left:0;right:0;margin:auto;padding:0;width:22px;height:22px}<\/style>\t\t<div class=\"elementor-spacer\">\n\t\t\t<div class=\"elementor-spacer-inner\"><\/div>\n\t\t<\/div>\n\t\t\t\t<\/div>\n\t\t\t\t<\/div>\n\t\t\t\t\t<\/div>\n\t\t\t\t<\/div>\n\t\t\t\t<\/div>\n\t\t","protected":false},"excerpt":{"rendered":"<p>Angebot Mein Angebot Willst du? Dich selbst besser kennenlernen? Mehr mit deinem Wesen in Kontakt sein? Mit mehr Selbstakzeptanz und Selbstliebe im Leben stehen? Mehr Zugang zu deinen Gef\u00fchlen bekommen? Oder weniger von deinen Gef\u00fchlen geflutet werden? Wieder vertrauen lernen? Stabile Freundschaften aufbauen? Mehr Dankbarkeit f\u00fcr dein Sein empfinden? In deinem Leben Ver\u00e4nderungen vornehmen? Oder [&hellip;]<\/p>\n","protected":false},"author":1,"featured_media":0,"parent":0,"menu_order":0,"comment_status":"closed","ping_status":"closed","template":"elementor_canvas","meta":{"footnotes":""},"class_list":["post-271","page","type-page","status-publish","hentry"],"_links":{"self":[{"href":"https:\/\/raumzumankommen.de\/wordpress\/wp-json\/wp\/v2\/pages\/271","targetHints":{"allow":["GET"]}}],"collection":[{"href":"https:\/\/raumzumankommen.de\/wordpress\/wp-json\/wp\/v2\/pages"}],"about":[{"href":"https:\/\/raumzumankommen.de\/wordpress\/wp-json\/wp\/v2\/types\/page"}],"author":[{"embeddable":true,"href":"https:\/\/raumzumankommen.de\/wordpress\/wp-json\/wp\/v2\/users\/1"}],"replies":[{"embeddable":true,"href":"https:\/\/raumzumankommen.de\/wordpress\/wp-json\/wp\/v2\/comments?post=271"}],"version-history":[{"count":34,"href":"https:\/\/raumzumankommen.de\/wordpress\/wp-json\/wp\/v2\/pages\/271\/revisions"}],"predecessor-version":[{"id":803,"href":"https:\/\/raumzumankommen.de\/wordpress\/wp-json\/wp\/v2\/pages\/271\/revisions\/803"}],"wp:attachment":[{"href":"https:\/\/raumzumankommen.de\/wordpress\/wp-json\/wp\/v2\/media?parent=271"}],"curies":[{"name":"wp","href":"https:\/\/api.w.org\/{rel}","templated":true}]}}